{"id":2,"date":"2020-04-23T19:08:14","date_gmt":"2020-04-23T22:08:14","guid":{"rendered":"http:\/\/www.touribar.com.ar\/?page_id=2"},"modified":"2021-10-06T13:16:10","modified_gmt":"2021-10-06T16:16:10","slug":"pagina-ejemplo","status":"publish","type":"page","link":"https:\/\/www.touribar.com.ar\/?page_id=2","title":{"rendered":"Quienes Somos"},"content":{"rendered":"<p>[et_pb_section fb_built=&#8221;1&#8243; _builder_version=&#8221;4.11.1&#8243; hover_enabled=&#8221;0&#8243; global_colors_info=&#8221;{}&#8221; background_color=&#8221;#d8d8d8&#8243; sticky_enabled=&#8221;0&#8243;][et_pb_row _builder_version=&#8221;4.4.2&#8243; global_colors_info=&#8221;{}&#8221;][et_pb_column type=&#8221;4_4&#8243; _builder_version=&#8221;4.4.2&#8243; global_colors_info=&#8221;{}&#8221;][et_pb_cta title=&#8221;Quienes Somos&#8221; _builder_version=&#8221;4.4.2&#8243; global_colors_info=&#8221;{}&#8221;]<\/p>\n<p>A continuaci\u00f3n te contamos sobre nosotros. Con\u00f3cenos!!<\/p>\n<p>[\/et_pb_cta][\/et_pb_column][\/et_pb_row][\/et_pb_section][et_pb_section fb_built=&#8221;1&#8243; _builder_version=&#8221;4.11.1&#8243; hover_enabled=&#8221;0&#8243; global_colors_info=&#8221;{}&#8221; background_color=&#8221;#d8d8d8&#8243; sticky_enabled=&#8221;0&#8243;][et_pb_row column_structure=&#8221;1_3,1_3,1_3&#8243; _builder_version=&#8221;4.4.2&#8243; custom_padding=&#8221;59px|||||&#8221; global_colors_info=&#8221;{}&#8221;][et_pb_column type=&#8221;1_3&#8243; _builder_version=&#8221;4.4.2&#8243; global_colors_info=&#8221;{}&#8221;][et_pb_text _builder_version=&#8221;4.4.2&#8243; custom_margin=&#8221;||18px|||&#8221; custom_padding=&#8221;||0px|||&#8221; text_font_tablet=&#8221;&#8221; text_font_phone=&#8221;&#8221; text_font_last_edited=&#8221;on|phone&#8221; global_colors_info=&#8221;{}&#8221;]<\/p>\n<p style=\"text-align: justify;\"><strong>METAB SA<\/strong> es una compa\u00f1\u00eda que cuenta con m\u00e1s de 35 a\u00f1os en el mercado hotelero fabricando productos de alta calidad. Motivo por el cual se convirti\u00f3 en l\u00edder local a trav\u00e9s de los minibares por absorci\u00f3n marcas Piccola bar, Farpa y Touribar.<\/p>\n<p style=\"text-align: justify;\">Actualmente con la marca <strong>TOURIBAR <\/strong>es la \u00fanica empresa de la Republica Argentina que f\u00e1brica minibares por absorci\u00f3n para la industria Hotelera.<\/p>\n<p><span style=\"font-size: 16px;\">\u00a0<\/span><\/p>\n<p>[\/et_pb_text][\/et_pb_column][et_pb_column type=&#8221;1_3&#8243; _builder_version=&#8221;4.4.2&#8243; global_colors_info=&#8221;{}&#8221;][et_pb_image src=&#8221;https:\/\/www.touribar.com.ar\/wp-content\/uploads\/2021\/10\/FOTO-FABRICA-2.jpg&#8221; align=&#8221;center&#8221; force_fullwidth=&#8221;on&#8221; _builder_version=&#8221;4.4.2&#8243; min_height=&#8221;100px&#8221; height=&#8221;314px&#8221; custom_margin=&#8221;-47px|||||&#8221; custom_padding=&#8221;36px|0px||||&#8221; global_colors_info=&#8221;{}&#8221;][\/et_pb_image][\/et_pb_column][et_pb_column type=&#8221;1_3&#8243; _builder_version=&#8221;4.4.2&#8243; global_colors_info=&#8221;{}&#8221;][et_pb_image src=&#8221;https:\/\/www.touribar.com.ar\/wp-content\/uploads\/2021\/10\/Logo-Metab-nuevo-grande-300&#215;96-1.png&#8221; align=&#8221;center&#8221; _builder_version=&#8221;4.4.2&#8243; max_width=&#8221;79%&#8221; global_colors_info=&#8221;{}&#8221;][\/et_pb_image][et_pb_image src=&#8221;https:\/\/www.touribar.com.ar\/wp-content\/uploads\/2021\/10\/Logo-touribar-grande-sin-fondo-300&#215;168-1.png&#8221; align=&#8221;center&#8221; _builder_version=&#8221;4.4.2&#8243; width=&#8221;69%&#8221; global_colors_info=&#8221;{}&#8221;][\/et_pb_image][\/et_pb_column][\/et_pb_row][\/et_pb_section][et_pb_section fb_built=&#8221;1&#8243; _builder_version=&#8221;4.11.1&#8243; hover_enabled=&#8221;0&#8243; global_colors_info=&#8221;{}&#8221; background_color=&#8221;#d8d8d8&#8243; sticky_enabled=&#8221;0&#8243;][et_pb_row column_structure=&#8221;1_3,2_3&#8243; _builder_version=&#8221;4.4.2&#8243; global_colors_info=&#8221;{}&#8221;][et_pb_column type=&#8221;1_3&#8243; _builder_version=&#8221;4.4.2&#8243; global_colors_info=&#8221;{}&#8221;][et_pb_text _builder_version=&#8221;4.4.2&#8243; global_colors_info=&#8221;{}&#8221;]<\/p>\n<h2 style=\"text-align: center;\">Refrigeradores con funcion trial<\/h2>\n<p style=\"text-align: justify;\">Para motorhome o lugares donde no se dispone de energ\u00eda el\u00e9ctrica, <strong>METAB SA<\/strong> abastece su l\u00ednea de refrigeradores triales (12v o 24v o 48v \/ 220v \/gas) con el sistema de refrigeraci\u00f3n por absorci\u00f3n.<\/p>\n<p>En el 2020, lanza al mercado su primer refrigerador con motor compresor.<\/p>\n<p>[\/et_pb_text][\/et_pb_column][et_pb_column type=&#8221;2_3&#8243; _builder_version=&#8221;4.4.2&#8243; global_colors_info=&#8221;{}&#8221;][et_pb_image src=&#8221;https:\/\/www.touribar.com.ar\/wp-content\/uploads\/2021\/10\/Casa-rural-motorhome-scaled-1.jpg&#8221; force_fullwidth=&#8221;on&#8221; _builder_version=&#8221;4.4.2&#8243; min_height=&#8221;362px&#8221; height=&#8221;362px&#8221; global_colors_info=&#8221;{}&#8221;][\/et_pb_image][\/et_pb_column][\/et_pb_row][\/et_pb_section][et_pb_section fb_built=&#8221;1&#8243; _builder_version=&#8221;4.11.1&#8243; hover_enabled=&#8221;0&#8243; global_colors_info=&#8221;{}&#8221; background_color=&#8221;#d8d8d8&#8243; sticky_enabled=&#8221;0&#8243;][et_pb_row column_structure=&#8221;1_3,2_3&#8243; _builder_version=&#8221;4.4.2&#8243; global_colors_info=&#8221;{}&#8221;][et_pb_column type=&#8221;1_3&#8243; _builder_version=&#8221;4.4.2&#8243; global_colors_info=&#8221;{}&#8221;][et_pb_text _builder_version=&#8221;4.4.2&#8243; global_colors_info=&#8221;{}&#8221;]<\/p>\n<h2 style=\"text-align: center;\"><strong>Minibar Hotelero<\/strong><\/h2>\n<p style=\"text-align: justify;\"><strong><\/strong><\/p>\n<p style=\"text-align: justify;\"><strong>METAB SA<\/strong> tiene con una cartera destacada de clientes y provee de frigobares a prestigiosos hoteles de Argentina, Uruguay y Paraguay.<\/p>\n<p style=\"text-align: justify;\">Las ventas tanto para el mercado interno como el externo se realizan en forma directa.<\/p>\n<p style=\"text-align: justify;\">En todos sus productos brinda una garant\u00eda de 3 a\u00f1os.<\/p>\n<p>[\/et_pb_text][\/et_pb_column][et_pb_column type=&#8221;2_3&#8243; _builder_version=&#8221;4.4.2&#8243; global_colors_info=&#8221;{}&#8221;][et_pb_image src=&#8221;https:\/\/www.touribar.com.ar\/wp-content\/uploads\/2021\/10\/Foto-habitacion-hotel-scaled-1.jpg&#8221; force_fullwidth=&#8221;on&#8221; _builder_version=&#8221;4.4.2&#8243; min_height=&#8221;362px&#8221; height=&#8221;362px&#8221; max_height=&#8221;365px&#8221; global_colors_info=&#8221;{}&#8221;][\/et_pb_image][\/et_pb_column][\/et_pb_row][\/et_pb_section][et_pb_section fb_built=&#8221;1&#8243; _builder_version=&#8221;4.11.1&#8243; hover_enabled=&#8221;0&#8243; global_colors_info=&#8221;{}&#8221; background_color=&#8221;#d8d8d8&#8243; sticky_enabled=&#8221;0&#8243;][et_pb_row column_structure=&#8221;1_3,1_3,1_3&#8243; _builder_version=&#8221;4.4.2&#8243; global_colors_info=&#8221;{}&#8221;][et_pb_column type=&#8221;1_3&#8243; _builder_version=&#8221;4.4.2&#8243; global_colors_info=&#8221;{}&#8221;][et_pb_blurb title=&#8221;\u2022\tPRODUCTOS&#8221; image=&#8221;https:\/\/www.touribar.com.ar\/wp-content\/uploads\/2021\/10\/Minibar-frigobar-Touribar-mod-TB60C-blanco-chico-300&#215;240-1.jpg&#8221; _builder_version=&#8221;4.4.2&#8243; global_colors_info=&#8221;{}&#8221;]<\/p>\n<p style=\"text-align: justify;\">Que cubran las necesidades de cada cliente, haciendo hincapi\u00e9 a las especificaciones que cada proyecto requiera. Todos los refrigeradores cuentas con tres a\u00f1os de garant\u00eda.<\/p>\n<p>[\/et_pb_blurb][\/et_pb_column][et_pb_column type=&#8221;1_3&#8243; _builder_version=&#8221;4.4.2&#8243; global_colors_info=&#8221;{}&#8221;][et_pb_blurb title=&#8221;\u2022\tVENTAS&#8221; image=&#8221;https:\/\/www.touribar.com.ar\/wp-content\/uploads\/2021\/10\/venta-Touribar-reunion-300&#215;200-1.jpg&#8221; _builder_version=&#8221;4.4.2&#8243; global_colors_info=&#8221;{}&#8221;]<\/p>\n<p>Personalizadas para lograr la satisfacci\u00f3n del cliente con el que se mantiene un contacto activo.<\/p>\n<p>[\/et_pb_blurb][\/et_pb_column][et_pb_column type=&#8221;1_3&#8243; _builder_version=&#8221;4.4.2&#8243; global_colors_info=&#8221;{}&#8221;][et_pb_blurb title=&#8221;\u2022\tTRANSPORTE&#8221; image=&#8221;https:\/\/www.touribar.com.ar\/wp-content\/uploads\/2021\/10\/transporte-300&#215;200-1.jpg&#8221; _builder_version=&#8221;4.4.2&#8243; global_colors_info=&#8221;{}&#8221;]<\/p>\n<p>Env\u00edos y retiros en CABA y Provincia de Buenos Aires con flota propia<\/p>\n<p>[\/et_pb_blurb][\/et_pb_column][\/et_pb_row][et_pb_row column_structure=&#8221;1_3,1_3,1_3&#8243; _builder_version=&#8221;4.4.2&#8243; global_colors_info=&#8221;{}&#8221;][et_pb_column type=&#8221;1_3&#8243; _builder_version=&#8221;4.4.2&#8243; global_colors_info=&#8221;{}&#8221;][et_pb_blurb title=&#8221;\u2022\tDEPARTAMENTO DE CALIDAD&#8221; image=&#8221;https:\/\/www.touribar.com.ar\/wp-content\/uploads\/2021\/10\/touribar-calidad-300&#215;300-1.jpg&#8221; _builder_version=&#8221;4.4.2&#8243; global_colors_info=&#8221;{}&#8221;]<\/p>\n<ul>\n<li>Plantel especializado en cada proceso para garantizar productos de calidad.<\/li>\n<\/ul>\n<p>[\/et_pb_blurb][\/et_pb_column][et_pb_column type=&#8221;1_3&#8243; _builder_version=&#8221;4.4.2&#8243; global_colors_info=&#8221;{}&#8221;][et_pb_blurb title=&#8221;\u2022\tDEPARTAMENTO T\u00c9CNICO&#8221; image=&#8221;https:\/\/www.touribar.com.ar\/wp-content\/uploads\/2021\/10\/venta-Touribar-reunion-300&#215;200-1.jpg&#8221; _builder_version=&#8221;4.4.2&#8243; global_colors_info=&#8221;{}&#8221;]<\/p>\n<p style=\"text-align: justify;\">Plantel de t\u00e9cnicos para brindar la mejor soluci\u00f3n ante cualquier eventual inconveniente.<\/p>\n<p>[\/et_pb_blurb][\/et_pb_column][et_pb_column type=&#8221;1_3&#8243; _builder_version=&#8221;4.4.2&#8243; global_colors_info=&#8221;{}&#8221;][et_pb_blurb title=&#8221;\u2022\tDEPARTAMENTO DE COMERCIO EXTERIOR&#8221; image=&#8221;https:\/\/www.touribar.com.ar\/wp-content\/uploads\/2021\/10\/metab-exportacion-300&#215;200-1.jpg&#8221; _builder_version=&#8221;4.4.2&#8243; global_colors_info=&#8221;{}&#8221;]<\/p>\n<ul>\n<li style=\"text-align: justify;\">Elaboraci\u00f3n de documentaci\u00f3n para la exportaci\u00f3n. Desarrollo de canales y m\u00e9todos eficaces para el env\u00edo de mercader\u00eda al pa\u00eds de destino.<\/li>\n<\/ul>\n<p>[\/et_pb_blurb][\/et_pb_column][\/et_pb_row][\/et_pb_section]<\/p>\n","protected":false},"excerpt":{"rendered":"<p>A continuaci\u00f3n te contamos sobre nosotros. Con\u00f3cenos!!METAB SA es una compa\u00f1\u00eda que cuenta con m\u00e1s de 35 a\u00f1os en el mercado hotelero fabricando productos de alta calidad. Motivo por el cual se convirti\u00f3 en l\u00edder local a trav\u00e9s de los minibares por absorci\u00f3n marcas Piccola bar, Farpa y Touribar. Actualmente con la marca TOURIBAR es [&hellip;]<\/p>\n","protected":false},"author":1,"featured_media":0,"parent":0,"menu_order":0,"comment_status":"closed","ping_status":"open","template":"","meta":{"_et_pb_use_builder":"on","_et_pb_old_content":"<!-- wp:paragraph -->\n<p>Esta es una p\u00e1gina de ejemplo, es diferente de una entrada porque se va a quedar en un solo lugar y va a aparecer en la navegaci\u00f3n de tu sitio (en la mayor\u00eda de los temas). Muchas gente empieza con una p\u00e1gina del tipo \"Sobre M\u00ed\", que los introduce a los potenciales visitantes de su sitio. Pod\u00e9s decir algo como esto:<\/p>\n<!-- \/wp:paragraph -->\n\n<!-- wp:quote -->\n<blockquote class=\"wp-block-quote\"><p>\u00a1Hola! Soy mensajero en bicicleta de d\u00eda, actor aspirante de noche, y esta es mi p\u00e1gina web. Vivo en Los \u00c1ngeles, tengo un gran perro llamado Jack, y me gustan las pi\u00f1as coladas. (Y ser atrapado por la lluvia.)<\/p><\/blockquote>\n<!-- \/wp:quote -->\n\n<!-- wp:paragraph -->\n<p>...o algo como esto:<\/p>\n<!-- \/wp:paragraph -->\n\n<!-- wp:quote -->\n<blockquote class=\"wp-block-quote\"><p>La compa\u00f1ia XYZ Trasto fue fundada en 1971, y provee trastos de calidad para el p\u00fablico desde entonces. Ubicado en Ciudad G\u00f3tica, XYZ le da empleo a m\u00e1s de 2000 personas y hace todo tipo de cosas asombrosas para la comunidad de G\u00f3tica.<\/p><\/blockquote>\n<!-- \/wp:quote -->\n\n<!-- wp:paragraph -->\n<p>Como nuevo usuario de WordPress, deber\u00edas dirigirte a <a href=\"http:\/\/www.touribar.com.ar\/wp-admin\/\">tu escritorio<\/a> para borrar esta p\u00e1gina y crear nuevas p\u00e1ginas para tu contenido. \u00a1Divertite!<\/p>\n<!-- \/wp:paragraph -->","_et_gb_content_width":"","_joinchat":[],"footnotes":""},"class_list":["post-2","page","type-page","status-publish","hentry"],"_links":{"self":[{"href":"https:\/\/www.touribar.com.ar\/index.php?rest_route=\/wp\/v2\/pages\/2","targetHints":{"allow":["GET"]}}],"collection":[{"href":"https:\/\/www.touribar.com.ar\/index.php?rest_route=\/wp\/v2\/pages"}],"about":[{"href":"https:\/\/www.touribar.com.ar\/index.php?rest_route=\/wp\/v2\/types\/page"}],"author":[{"embeddable":true,"href":"https:\/\/www.touribar.com.ar\/index.php?rest_route=\/wp\/v2\/users\/1"}],"replies":[{"embeddable":true,"href":"https:\/\/www.touribar.com.ar\/index.php?rest_route=%2Fwp%2Fv2%2Fcomments&post=2"}],"version-history":[{"count":14,"href":"https:\/\/www.touribar.com.ar\/index.php?rest_route=\/wp\/v2\/pages\/2\/revisions"}],"predecessor-version":[{"id":665,"href":"https:\/\/www.touribar.com.ar\/index.php?rest_route=\/wp\/v2\/pages\/2\/revisions\/665"}],"wp:attachment":[{"href":"https:\/\/www.touribar.com.ar\/index.php?rest_route=%2Fwp%2Fv2%2Fmedia&parent=2"}],"curies":[{"name":"wp","href":"https:\/\/api.w.org\/{rel}","templated":true}]}}