{"id":29,"date":"2020-04-28T18:43:35","date_gmt":"2020-04-28T21:43:35","guid":{"rendered":"http:\/\/www.touribar.com.ar\/?page_id=29"},"modified":"2021-10-06T13:17:28","modified_gmt":"2021-10-06T16:17:28","slug":"instalacion","status":"publish","type":"page","link":"https:\/\/www.touribar.com.ar\/?page_id=29","title":{"rendered":"Instalaci\u00f3n"},"content":{"rendered":"<p>[et_pb_section fb_built=&#8221;1&#8243; _builder_version=&#8221;4.11.1&#8243; hover_enabled=&#8221;0&#8243; global_colors_info=&#8221;{}&#8221; background_color=&#8221;#d8d8d8&#8243; sticky_enabled=&#8221;0&#8243;][et_pb_row _builder_version=&#8221;4.3.1&#8243; global_colors_info=&#8221;{}&#8221;][et_pb_column type=&#8221;4_4&#8243; _builder_version=&#8221;4.3.1&#8243; global_colors_info=&#8221;{}&#8221;][et_pb_text _builder_version=&#8221;4.3.1&#8243; text_font=&#8221;|||on|||||&#8221; text_font_size=&#8221;21px&#8221; ul_font=&#8221;Abril Fatface||||on|||#000000|&#8221; ul_text_align=&#8221;justify&#8221; global_colors_info=&#8221;{}&#8221;]<\/p>\n<p style=\"text-align: center;\"><span style=\"text-decoration: underline;\">Instalaci\u00f3n del Touribar<\/span><\/p>\n<p>[\/et_pb_text][\/et_pb_column][\/et_pb_row][et_pb_row column_structure=&#8221;1_2,1_2&#8243; _builder_version=&#8221;4.3.1&#8243; min_height=&#8221;318px&#8221; global_colors_info=&#8221;{}&#8221;][et_pb_column type=&#8221;1_2&#8243; _builder_version=&#8221;4.3.1&#8243; global_colors_info=&#8221;{}&#8221;][et_pb_image src=&#8221;https:\/\/www.touribar.com.ar\/wp-content\/uploads\/2021\/10\/INSTALACION.png&#8221; _builder_version=&#8221;4.3.1&#8243; global_colors_info=&#8221;{}&#8221;][\/et_pb_image][\/et_pb_column][et_pb_column type=&#8221;1_2&#8243; _builder_version=&#8221;4.3.1&#8243; global_colors_info=&#8221;{}&#8221;][et_pb_text _builder_version=&#8221;4.3.1&#8243; global_colors_info=&#8221;{}&#8221;]<\/p>\n<p style=\"text-align: justify;\">Los refrigeradores Touribar han sido dise\u00f1ados para instalarse en muebles o independientemente.<\/p>\n<p style=\"text-align: justify;\">Una vez que se ha seleccionado el lugar de instalaci\u00f3n, asegurese que el refrigerador no este a menos de 10 cm de la pared trasera o dentro del mueble como se muestra en el diagrama de la izquierda.<\/p>\n<p>[\/et_pb_text][\/et_pb_column][\/et_pb_row][\/et_pb_section]<\/p>\n","protected":false},"excerpt":{"rendered":"<p>Instalaci\u00f3n del TouribarLos refrigeradores Touribar han sido dise\u00f1ados para instalarse en muebles o independientemente. Una vez que se ha seleccionado el lugar de instalaci\u00f3n, asegurese que el refrigerador no este a menos de 10 cm de la pared trasera o dentro del mueble como se muestra en el diagrama de la izquierda.<\/p>\n","protected":false},"author":1,"featured_media":0,"parent":0,"menu_order":0,"comment_status":"closed","ping_status":"closed","template":"","meta":{"_et_pb_use_builder":"on","_et_pb_old_content":"","_et_gb_content_width":"","_joinchat":[],"footnotes":""},"class_list":["post-29","page","type-page","status-publish","hentry"],"_links":{"self":[{"href":"https:\/\/www.touribar.com.ar\/index.php?rest_route=\/wp\/v2\/pages\/29","targetHints":{"allow":["GET"]}}],"collection":[{"href":"https:\/\/www.touribar.com.ar\/index.php?rest_route=\/wp\/v2\/pages"}],"about":[{"href":"https:\/\/www.touribar.com.ar\/index.php?rest_route=\/wp\/v2\/types\/page"}],"author":[{"embeddable":true,"href":"https:\/\/www.touribar.com.ar\/index.php?rest_route=\/wp\/v2\/users\/1"}],"replies":[{"embeddable":true,"href":"https:\/\/www.touribar.com.ar\/index.php?rest_route=%2Fwp%2Fv2%2Fcomments&post=29"}],"version-history":[{"count":5,"href":"https:\/\/www.touribar.com.ar\/index.php?rest_route=\/wp\/v2\/pages\/29\/revisions"}],"predecessor-version":[{"id":666,"href":"https:\/\/www.touribar.com.ar\/index.php?rest_route=\/wp\/v2\/pages\/29\/revisions\/666"}],"wp:attachment":[{"href":"https:\/\/www.touribar.com.ar\/index.php?rest_route=%2Fwp%2Fv2%2Fmedia&parent=29"}],"curies":[{"name":"wp","href":"https:\/\/api.w.org\/{rel}","templated":true}]}}