{"id":70,"date":"2020-04-29T03:37:16","date_gmt":"2020-04-29T06:37:16","guid":{"rendered":"http:\/\/www.touribar.com.ar\/?page_id=70"},"modified":"2020-09-04T09:23:13","modified_gmt":"2020-09-04T12:23:13","slug":"preguntas-frecuentes","status":"publish","type":"page","link":"https:\/\/www.touribar.com.ar\/?page_id=70","title":{"rendered":"Preguntas Frecuentes"},"content":{"rendered":"<p>[et_pb_section fb_built=&#8221;1&#8243; custom_padding_last_edited=&#8221;on|tablet&#8221; next_background_color=&#8221;#616ce1&#8243; admin_label=&#8221;Hero&#8221; _builder_version=&#8221;3.22&#8243; use_background_color_gradient=&#8221;on&#8221; background_color_gradient_start=&#8221;rgba(214,218,255,0.7)&#8221; background_color_gradient_end=&#8221;rgba(214,218,255,0.3)&#8221; background_color_gradient_type=&#8221;radial&#8221; background_color_gradient_direction_radial=&#8221;top left&#8221; background_color_gradient_start_position=&#8221;50%&#8221; background_color_gradient_overlays_image=&#8221;on&#8221; background_image=&#8221;https:\/\/www.touribar.com.ar\/wp-content\/uploads\/2020\/04\/therapist-12-1.png&#8221; parallax=&#8221;on&#8221; custom_margin=&#8221;||||false&#8221; custom_padding=&#8221;14vw||4vw||false|false&#8221; custom_padding_tablet=&#8221;||50px|&#8221; custom_padding_phone=&#8221;&#8221; bottom_divider_style=&#8221;curve&#8221; bottom_divider_height=&#8221;2.5vw&#8221;][et_pb_row _builder_version=&#8221;3.25&#8243; animation_style=&#8221;fade&#8221;][et_pb_column type=&#8221;4_4&#8243; _builder_version=&#8221;3.25&#8243; custom_padding=&#8221;|||&#8221; custom_padding__hover=&#8221;|||&#8221;][et_pb_text _builder_version=&#8221;4.4.2&#8243; text_font=&#8221;||||||||&#8221; text_font_size=&#8221;18px&#8221; text_line_height=&#8221;2em&#8221; header_font=&#8221;Montserrat|300|||||||&#8221; header_font_size=&#8221;50px&#8221; header_line_height=&#8221;1.4em&#8221; text_orientation=&#8221;center&#8221; max_width=&#8221;700px&#8221; module_alignment=&#8221;center&#8221; header_font_size_tablet=&#8221;40px&#8221; header_font_size_phone=&#8221;32px&#8221; header_font_size_last_edited=&#8221;on|desktop&#8221;]<\/p>\n<h1>Preguntas frecuentes<\/h1>\n<p>Algunas de las preguntas frecuentes<\/p>\n<p>[\/et_pb_text][\/et_pb_column][\/et_pb_row][\/et_pb_section][et_pb_section fb_built=&#8221;1&#8243; admin_label=&#8221;FAQ&#8221; _builder_version=&#8221;3.22&#8243; background_color=&#8221;#616ce1&#8243; custom_padding=&#8221;54px|0px|54px|0px|false|false&#8221;][et_pb_row column_structure=&#8221;1_2,1_2&#8243; use_custom_gutter=&#8221;on&#8221; _builder_version=&#8221;3.25&#8243;][et_pb_column type=&#8221;1_2&#8243; _builder_version=&#8221;3.25&#8243; custom_padding=&#8221;|||&#8221; custom_padding__hover=&#8221;|||&#8221;][et_pb_text _builder_version=&#8221;4.4.2&#8243; text_font=&#8221;||||||||&#8221; text_line_height=&#8221;2em&#8221; header_font=&#8221;||||||||&#8221; header_3_font=&#8221;Montserrat||||||||&#8221; header_3_line_height=&#8221;1.4em&#8221; header_4_font=&#8221;||||||||&#8221; background_layout=&#8221;dark&#8221; max_width=&#8221;700px&#8221; module_alignment=&#8221;center&#8221; locked=&#8221;off&#8221;][\/et_pb_text][et_pb_toggle title=&#8221;\u00bf  De qu\u00e9 origen son los refrigeradores Touribar?&#8221; open=&#8221;on&#8221; open_toggle_text_color=&#8221;#000000&#8243; open_toggle_background_color=&#8221;#ffffff&#8221; closed_toggle_text_color=&#8221;#000000&#8243; closed_toggle_background_color=&#8221;#ffffff&#8221; _builder_version=&#8221;4.4.2&#8243; title_level=&#8221;h4&#8243; title_font=&#8221;Montserrat|500|||||||&#8221; title_line_height=&#8221;1.4em&#8221; body_line_height=&#8221;2em&#8221; custom_padding=&#8221;30px|40px|30px|40px|true|true&#8221; animation_style=&#8221;fade&#8221; border_radii=&#8221;on|10px|10px|10px|10px&#8221; border_width_all=&#8221;0px&#8221; box_shadow_style=&#8221;preset1&#8243; box_shadow_blur=&#8221;30px&#8221; box_shadow_color=&#8221;rgba(0,0,0,0.06)&#8221;]<\/p>\n<p>Son de Industria Argentina y son fabricados por Metab sa<\/p>\n<p>[\/et_pb_toggle][et_pb_toggle title=&#8221;\u00bf Los minibares Touribar son silenciosos?&#8221; open=&#8221;on&#8221; open_toggle_text_color=&#8221;#000000&#8243; open_toggle_background_color=&#8221;#ffffff&#8221; closed_toggle_text_color=&#8221;#000000&#8243; closed_toggle_background_color=&#8221;#ffffff&#8221; _builder_version=&#8221;4.4.2&#8243; title_level=&#8221;h4&#8243; title_font=&#8221;Montserrat|500|||||||&#8221; title_line_height=&#8221;1.4em&#8221; body_line_height=&#8221;2em&#8221; custom_padding=&#8221;30px|40px|30px|40px|true|true&#8221; animation_style=&#8221;fade&#8221; border_radii=&#8221;on|10px|10px|10px|10px&#8221; border_width_all=&#8221;0px&#8221; box_shadow_style=&#8221;preset1&#8243; box_shadow_blur=&#8221;30px&#8221; box_shadow_color=&#8221;rgba(0,0,0,0.06)&#8221;]<\/p>\n<p>Si. Debido a que funcionan con el sistema de refrigeracion por absorci\u00f3n no poseen partes m\u00f3viles.<\/p>\n<p>[\/et_pb_toggle][et_pb_toggle title=&#8221;Adquir\u00ed un refrigerador, Cuanto debo esperar para ponerlo a funcionar?&#8221; open_toggle_text_color=&#8221;#000000&#8243; open_toggle_background_color=&#8221;#ffffff&#8221; closed_toggle_text_color=&#8221;#000000&#8243; closed_toggle_background_color=&#8221;#ffffff&#8221; _builder_version=&#8221;4.4.2&#8243; title_level=&#8221;h4&#8243; title_font=&#8221;Montserrat|500|||||||&#8221; title_line_height=&#8221;1.4em&#8221; body_line_height=&#8221;2em&#8221; custom_padding=&#8221;30px|40px|30px|40px|true|true&#8221; animation_style=&#8221;fade&#8221; border_radii=&#8221;on|10px|10px|10px|10px&#8221; border_width_all=&#8221;0px&#8221; box_shadow_style=&#8221;preset1&#8243; box_shadow_blur=&#8221;30px&#8221; box_shadow_color=&#8221;rgba(0,0,0,0.06)&#8221;]<\/p>\n<p>Una vez que lo instalo debe esperar una hora antes de ponerlo a funcionar.<\/p>\n<p>[\/et_pb_toggle][et_pb_toggle title=&#8221;Es necesario que el refrigerador se encuentre a nivel?&#8221; open_toggle_text_color=&#8221;#000000&#8243; open_toggle_background_color=&#8221;#ffffff&#8221; closed_toggle_text_color=&#8221;#000000&#8243; closed_toggle_background_color=&#8221;#ffffff&#8221; _builder_version=&#8221;4.4.2&#8243; title_level=&#8221;h4&#8243; title_font=&#8221;Montserrat|500|||||||&#8221; title_line_height=&#8221;1.4em&#8221; body_line_height=&#8221;2em&#8221; custom_padding=&#8221;30px|40px|30px|40px|true|true&#8221; animation_style=&#8221;fade&#8221; border_radii=&#8221;on|10px|10px|10px|10px&#8221; border_width_all=&#8221;0px&#8221; box_shadow_style=&#8221;preset1&#8243; box_shadow_blur=&#8221;30px&#8221; box_shadow_color=&#8221;rgba(0,0,0,0.06)&#8221;]<\/p>\n<p>Cualquiera de los modelos deben estar a nivel en el lugar donde se instalan.<\/p>\n<p>[\/et_pb_toggle][et_pb_toggle title=&#8221;En los refrigeradores triales, que precauci\u00f3n debo tener?&#8221; open_toggle_text_color=&#8221;#000000&#8243; open_toggle_background_color=&#8221;#ffffff&#8221; closed_toggle_text_color=&#8221;#000000&#8243; closed_toggle_background_color=&#8221;#ffffff&#8221; _builder_version=&#8221;4.4.2&#8243; title_level=&#8221;h4&#8243; title_font=&#8221;Montserrat|500|||||||&#8221; title_line_height=&#8221;1.4em&#8221; body_line_height=&#8221;2em&#8221; custom_padding=&#8221;30px|40px|30px|40px|true|true&#8221; animation_style=&#8221;fade&#8221; border_radii=&#8221;on|10px|10px|10px|10px&#8221; border_width_all=&#8221;0px&#8221; box_shadow_style=&#8221;preset1&#8243; box_shadow_blur=&#8221;30px&#8221; box_shadow_color=&#8221;rgba(0,0,0,0.06)&#8221;]<\/p>\n<p>Si lo va a utilizar a gas, debe ser instalados por un gasista matriculado y tener una chimenea con salida al exterior a los cuatro vientos.<\/p>\n<p>[\/et_pb_toggle][\/et_pb_column][et_pb_column type=&#8221;1_2&#8243; _builder_version=&#8221;3.25&#8243; custom_padding=&#8221;|||&#8221; custom_padding__hover=&#8221;|||&#8221;][et_pb_text _builder_version=&#8221;4.4.2&#8243; text_font=&#8221;||||||||&#8221; text_line_height=&#8221;2em&#8221; header_font=&#8221;||||||||&#8221; header_3_font=&#8221;Montserrat||||||||&#8221; header_3_line_height=&#8221;1.4em&#8221; header_4_font=&#8221;||||||||&#8221; background_layout=&#8221;dark&#8221; max_width=&#8221;700px&#8221; module_alignment=&#8221;center&#8221; locked=&#8221;off&#8221;][\/et_pb_text][et_pb_toggle title=&#8221;Qu\u00e9 garant\u00eda tiene los refrigeradores?&#8221; open=&#8221;on&#8221; open_toggle_text_color=&#8221;#000000&#8243; open_toggle_background_color=&#8221;#ffffff&#8221; closed_toggle_text_color=&#8221;#000000&#8243; closed_toggle_background_color=&#8221;#ffffff&#8221; _builder_version=&#8221;4.4.2&#8243; title_level=&#8221;h4&#8243; title_font=&#8221;Montserrat|500|||||||&#8221; title_line_height=&#8221;1.4em&#8221; body_line_height=&#8221;2em&#8221; custom_padding=&#8221;30px|40px|30px|40px|true|true&#8221; animation_style=&#8221;fade&#8221; border_radii=&#8221;on|10px|10px|10px|10px&#8221; border_width_all=&#8221;0px&#8221; box_shadow_style=&#8221;preset1&#8243; box_shadow_blur=&#8221;30px&#8221; box_shadow_color=&#8221;rgba(0,0,0,0.06)&#8221; locked=&#8221;off&#8221;]<\/p>\n<p>La garant\u00eda es de 3 a\u00f1os<\/p>\n<p>[\/et_pb_toggle][et_pb_toggle title=&#8221;\u00bfC\u00f3mo se efect\u00faan los env\u00edos al interior del pa\u00eds?&#8221; open_toggle_text_color=&#8221;#000000&#8243; open_toggle_background_color=&#8221;#ffffff&#8221; closed_toggle_text_color=&#8221;#000000&#8243; closed_toggle_background_color=&#8221;#ffffff&#8221; _builder_version=&#8221;4.4.2&#8243; title_level=&#8221;h4&#8243; title_font=&#8221;Montserrat|500|||||||&#8221; title_line_height=&#8221;1.4em&#8221; body_line_height=&#8221;2em&#8221; custom_padding=&#8221;30px|40px|30px|40px|true|true&#8221; animation_style=&#8221;fade&#8221; border_radii=&#8221;on|10px|10px|10px|10px&#8221; border_width_all=&#8221;0px&#8221; box_shadow_style=&#8221;preset1&#8243; box_shadow_blur=&#8221;30px&#8221; box_shadow_color=&#8221;rgba(0,0,0,0.06)&#8221; locked=&#8221;off&#8221;]<\/p>\n<p>Se despachan por transporte a designar por el comprador. Los envios hasta los dep\u00f3sitos en CABA y Gran Buenos Aires se hacen sin cargo.<\/p>\n<p>[\/et_pb_toggle][et_pb_toggle title=&#8221;En caso de tener un problema t\u00e9cnico, \u00bfDonde debo dirigirme?&#8221; open_toggle_text_color=&#8221;#000000&#8243; open_toggle_background_color=&#8221;#ffffff&#8221; closed_toggle_text_color=&#8221;#000000&#8243; closed_toggle_background_color=&#8221;#ffffff&#8221; _builder_version=&#8221;4.4.2&#8243; title_level=&#8221;h4&#8243; title_font=&#8221;Montserrat|500|||||||&#8221; title_line_height=&#8221;1.4em&#8221; body_line_height=&#8221;2em&#8221; custom_padding=&#8221;30px|40px|30px|40px|true|true&#8221; animation_style=&#8221;fade&#8221; border_radii=&#8221;on|10px|10px|10px|10px&#8221; border_width_all=&#8221;0px&#8221; box_shadow_style=&#8221;preset1&#8243; box_shadow_blur=&#8221;30px&#8221; box_shadow_color=&#8221;rgba(0,0,0,0.06)&#8221; locked=&#8221;off&#8221;]<\/p>\n<p>El servicio tecnico es brindado directamente por nuestra f\u00e1brica, Metab sa. Comuniquese y lo asesoraremos.<\/p>\n<p>[\/et_pb_toggle][et_pb_toggle title=&#8221;Necesito repuestos, donde los puedo adquirir?&#8221; open_toggle_text_color=&#8221;#000000&#8243; open_toggle_background_color=&#8221;#ffffff&#8221; closed_toggle_text_color=&#8221;#000000&#8243; closed_toggle_background_color=&#8221;#ffffff&#8221; _builder_version=&#8221;4.4.2&#8243; title_level=&#8221;h4&#8243; title_font=&#8221;Montserrat|500|||||||&#8221; title_line_height=&#8221;1.4em&#8221; body_line_height=&#8221;2em&#8221; custom_padding=&#8221;30px|40px|30px|40px|true|true&#8221; animation_style=&#8221;fade&#8221; border_radii=&#8221;on|10px|10px|10px|10px&#8221; border_width_all=&#8221;0px&#8221; box_shadow_style=&#8221;preset1&#8243; box_shadow_blur=&#8221;30px&#8221; box_shadow_color=&#8221;rgba(0,0,0,0.06)&#8221; locked=&#8221;off&#8221;]<\/p>\n<p>Los puede adquirir directamente con nuestra f\u00e1brica: Metab sa . Comuniquese que le brindaremos los respuestos que necesite.<\/p>\n<p>[\/et_pb_toggle][\/et_pb_column][\/et_pb_row][et_pb_row _builder_version=&#8221;3.25&#8243; custom_padding=&#8221;27px|0px|27px|0px|false|false&#8221;][et_pb_column type=&#8221;4_4&#8243; _builder_version=&#8221;3.25&#8243; custom_padding=&#8221;|||&#8221; custom_padding__hover=&#8221;|||&#8221;][et_pb_button button_url=&#8221;https:\/\/www.touribar.com.ar\/?page_id=9&#8243; button_text=&#8221;Realice su consulta&#8221; button_alignment=&#8221;center&#8221; _builder_version=&#8221;4.4.5&#8243; custom_button=&#8221;on&#8221; button_text_size=&#8221;14px&#8221; button_text_color=&#8221;#ffffff&#8221; button_bg_color=&#8221;#7f8dff&#8221; button_border_color=&#8221;rgba(0,0,0,0)&#8221; button_border_radius=&#8221;100px&#8221; button_letter_spacing=&#8221;2px&#8221; button_font=&#8221;Montserrat|||on|||||&#8221; custom_padding=&#8221;16px|30px|16px|30px|true|true&#8221; box_shadow_style=&#8221;preset3&#8243; box_shadow_color=&#8221;rgba(127,141,255,0.4)&#8221; button_letter_spacing_hover=&#8221;2px&#8221; locked=&#8221;off&#8221; button_text_size__hover_enabled=&#8221;off&#8221; button_one_text_size__hover_enabled=&#8221;off&#8221; button_two_text_size__hover_enabled=&#8221;off&#8221; button_text_color__hover_enabled=&#8221;off&#8221; button_one_text_color__hover_enabled=&#8221;off&#8221; button_two_text_color__hover_enabled=&#8221;off&#8221; button_border_width__hover_enabled=&#8221;off&#8221; button_one_border_width__hover_enabled=&#8221;off&#8221; button_two_border_width__hover_enabled=&#8221;off&#8221; button_border_color__hover_enabled=&#8221;off&#8221; button_one_border_color__hover_enabled=&#8221;off&#8221; button_two_border_color__hover_enabled=&#8221;off&#8221; button_border_radius__hover_enabled=&#8221;off&#8221; button_one_border_radius__hover_enabled=&#8221;off&#8221; button_two_border_radius__hover_enabled=&#8221;off&#8221; button_letter_spacing__hover_enabled=&#8221;on&#8221; button_letter_spacing__hover=&#8221;2px&#8221; button_one_letter_spacing__hover_enabled=&#8221;off&#8221; button_two_letter_spacing__hover_enabled=&#8221;off&#8221; button_bg_color__hover_enabled=&#8221;off&#8221; button_one_bg_color__hover_enabled=&#8221;off&#8221; button_two_bg_color__hover_enabled=&#8221;off&#8221;][\/et_pb_button][\/et_pb_column][\/et_pb_row][\/et_pb_section][et_pb_section fb_built=&#8221;1&#8243; custom_padding_last_edited=&#8221;on|tablet&#8221; admin_label=&#8221;How it Works&#8221; _builder_version=&#8221;3.22&#8243; background_color=&#8221;#f2f6fc&#8221; background_image=&#8221;https:\/\/www.touribar.com.ar\/wp-content\/uploads\/2020\/04\/therapist-10.png&#8221; parallax=&#8221;on&#8221; custom_padding=&#8221;100px|0px|100px|0px|true|false&#8221; custom_padding_tablet=&#8221;40px||40px||true&#8221; custom_padding_phone=&#8221;&#8221;][\/et_pb_section]<\/p>\n","protected":false},"excerpt":{"rendered":"<p>Preguntas frecuentes Algunas de las preguntas frecuentesSon de Industria Argentina y son fabricados por Metab saSi. Debido a que funcionan con el sistema de refrigeracion por absorci\u00f3n no poseen partes m\u00f3viles.Una vez que lo instalo debe esperar una hora antes de ponerlo a funcionar.Cualquiera de los modelos deben estar a nivel en el lugar donde [&hellip;]<\/p>\n","protected":false},"author":1,"featured_media":0,"parent":0,"menu_order":0,"comment_status":"closed","ping_status":"closed","template":"","meta":{"_et_pb_use_builder":"on","_et_pb_old_content":"","_et_gb_content_width":"","_joinchat":[],"footnotes":""},"class_list":["post-70","page","type-page","status-publish","hentry"],"_links":{"self":[{"href":"https:\/\/www.touribar.com.ar\/index.php?rest_route=\/wp\/v2\/pages\/70","targetHints":{"allow":["GET"]}}],"collection":[{"href":"https:\/\/www.touribar.com.ar\/index.php?rest_route=\/wp\/v2\/pages"}],"about":[{"href":"https:\/\/www.touribar.com.ar\/index.php?rest_route=\/wp\/v2\/types\/page"}],"author":[{"embeddable":true,"href":"https:\/\/www.touribar.com.ar\/index.php?rest_route=\/wp\/v2\/users\/1"}],"replies":[{"embeddable":true,"href":"https:\/\/www.touribar.com.ar\/index.php?rest_route=%2Fwp%2Fv2%2Fcomments&post=70"}],"version-history":[{"count":5,"href":"https:\/\/www.touribar.com.ar\/index.php?rest_route=\/wp\/v2\/pages\/70\/revisions"}],"predecessor-version":[{"id":454,"href":"https:\/\/www.touribar.com.ar\/index.php?rest_route=\/wp\/v2\/pages\/70\/revisions\/454"}],"wp:attachment":[{"href":"https:\/\/www.touribar.com.ar\/index.php?rest_route=%2Fwp%2Fv2%2Fmedia&parent=70"}],"curies":[{"name":"wp","href":"https:\/\/api.w.org\/{rel}","templated":true}]}}